{"id":1507,"date":"2021-04-09T08:16:32","date_gmt":"2021-04-09T05:16:32","guid":{"rendered":"http:\/\/www.keminnahkatarvike.fi\/verkkokauppa\/?post_type=product&#038;p=1507"},"modified":"2021-05-11T10:43:40","modified_gmt":"2021-05-11T07:43:40","slug":"aluna-1-kg","status":"publish","type":"product","link":"https:\/\/www.keminnahkatarvike.fi\/verkkokauppa\/tuote\/aluna-1-kg\/","title":{"rendered":"Aluna, 1 kg"},"content":{"rendered":"","protected":false},"excerpt":{"rendered":"<p>Alumiinisulfaatti (v\u00e4kev\u00f6ity aluna). K\u00e4ytt\u00f6 n. 25% v\u00e4hemm\u00e4n kuin tavallista alunaa. Soveltuu k\u00e4ytett\u00e4v\u00e4ksi suolauksen yhteydess\u00e4 50 % alumiinisulfaattia ja 50 % suolaa.\u00a0 Muodostaa veden kanssa reagoidessaan rikkihappoa, joten alumiinisulfaatilla tehty suolaus tai parkitus on itseasiassa pikkeli, joka peseytyy pois kastuessaan, ellei sit\u00e4 sit\u00e4 neutraloida soodalla tms. ennen kuivausta.<\/p>\n<p>Alumiinisulfaatilla parkitessa on huolehdittava, ett\u00e4 parkitusliemess\u00e4 on riitt\u00e4v\u00e4sti suolaa.<\/p>\n","protected":false},"featured_media":0,"template":"","meta":[],"product_brand":[],"product_cat":[20],"product_tag":[],"class_list":{"0":"post-1507","1":"product","2":"type-product","3":"status-publish","5":"product_cat-parkituskemikaalit","6":"product_shipping_class-pienet-paketit","8":"first","9":"instock","10":"taxable","11":"shipping-taxable","12":"purchasable","13":"product-type-simple"},"yoast_head":"<!-- This site is optimized with the Yoast SEO plugin v26.6 - https:\/\/yoast.com\/wordpress\/plugins\/seo\/ -->\n<title>Aluna, 1 kg - Kemin Nahkatarvike<\/title>\n<meta name=\"robots\" content=\"index, follow, max-snippet:-1, max-image-preview:large, max-video-preview:-1\" \/>\n<link rel=\"canonical\" href=\"https:\/\/www.keminnahkatarvike.fi\/verkkokauppa\/tuote\/aluna-1-kg\/\" \/>\n<meta property=\"og:locale\" content=\"fi_FI\" \/>\n<meta property=\"og:type\" content=\"article\" \/>\n<meta property=\"og:title\" content=\"Aluna, 1 kg - Kemin Nahkatarvike\" \/>\n<meta property=\"og:description\" content=\"Alumiinisulfaatti (v\u00e4kev\u00f6ity aluna). K\u00e4ytt\u00f6 n. 25% v\u00e4hemm\u00e4n kuin tavallista alunaa. Soveltuu k\u00e4ytett\u00e4v\u00e4ksi suolauksen yhteydess\u00e4 50 % alumiinisulfaattia ja 50 % suolaa.\u00a0 Muodostaa veden kanssa reagoidessaan rikkihappoa, joten alumiinisulfaatilla tehty suolaus tai parkitus on itseasiassa pikkeli, joka peseytyy pois kastuessaan, ellei sit\u00e4 sit\u00e4 neutraloida soodalla tms. ennen kuivausta.  Alumiinisulfaatilla parkitessa on huolehdittava, ett\u00e4 parkitusliemess\u00e4 on riitt\u00e4v\u00e4sti suolaa.\" \/>\n<meta property=\"og:url\" content=\"https:\/\/www.keminnahkatarvike.fi\/verkkokauppa\/tuote\/aluna-1-kg\/\" \/>\n<meta property=\"og:site_name\" content=\"Kemin Nahkatarvike\" \/>\n<meta property=\"article:modified_time\" content=\"2021-05-11T07:43:40+00:00\" \/>\n<meta name=\"twitter:card\" content=\"summary_large_image\" \/>\n<script type=\"application\/ld+json\" class=\"yoast-schema-graph\">{\"@context\":\"https:\/\/schema.org\",\"@graph\":[{\"@type\":\"WebPage\",\"@id\":\"https:\/\/www.keminnahkatarvike.fi\/verkkokauppa\/tuote\/aluna-1-kg\/\",\"url\":\"https:\/\/www.keminnahkatarvike.fi\/verkkokauppa\/tuote\/aluna-1-kg\/\",\"name\":\"Aluna, 1 kg - Kemin Nahkatarvike\",\"isPartOf\":{\"@id\":\"https:\/\/www.keminnahkatarvike.fi\/verkkokauppa\/#website\"},\"datePublished\":\"2021-04-09T05:16:32+00:00\",\"dateModified\":\"2021-05-11T07:43:40+00:00\",\"breadcrumb\":{\"@id\":\"https:\/\/www.keminnahkatarvike.fi\/verkkokauppa\/tuote\/aluna-1-kg\/#breadcrumb\"},\"inLanguage\":\"fi\",\"potentialAction\":[{\"@type\":\"ReadAction\",\"target\":[\"https:\/\/www.keminnahkatarvike.fi\/verkkokauppa\/tuote\/aluna-1-kg\/\"]}]},{\"@type\":\"BreadcrumbList\",\"@id\":\"https:\/\/www.keminnahkatarvike.fi\/verkkokauppa\/tuote\/aluna-1-kg\/#breadcrumb\",\"itemListElement\":[{\"@type\":\"ListItem\",\"position\":1,\"name\":\"Etusivu\",\"item\":\"https:\/\/www.keminnahkatarvike.fi\/verkkokauppa\/\"},{\"@type\":\"ListItem\",\"position\":2,\"name\":\"Shop\",\"item\":\"https:\/\/www.keminnahkatarvike.fi\/verkkokauppa\/shop\/\"},{\"@type\":\"ListItem\",\"position\":3,\"name\":\"Aluna, 1 kg\"}]},{\"@type\":\"WebSite\",\"@id\":\"https:\/\/www.keminnahkatarvike.fi\/verkkokauppa\/#website\",\"url\":\"https:\/\/www.keminnahkatarvike.fi\/verkkokauppa\/\",\"name\":\"Kemin Nahkatarvike\",\"description\":\"Laadukasta nahkanjalostusta Keminmaasta Suomesta\",\"publisher\":{\"@id\":\"https:\/\/www.keminnahkatarvike.fi\/verkkokauppa\/#organization\"},\"potentialAction\":[{\"@type\":\"SearchAction\",\"target\":{\"@type\":\"EntryPoint\",\"urlTemplate\":\"https:\/\/www.keminnahkatarvike.fi\/verkkokauppa\/?s={search_term_string}\"},\"query-input\":{\"@type\":\"PropertyValueSpecification\",\"valueRequired\":true,\"valueName\":\"search_term_string\"}}],\"inLanguage\":\"fi\"},{\"@type\":\"Organization\",\"@id\":\"https:\/\/www.keminnahkatarvike.fi\/verkkokauppa\/#organization\",\"name\":\"Kemin Nahkatarvike Oy\",\"url\":\"https:\/\/www.keminnahkatarvike.fi\/verkkokauppa\/\",\"logo\":{\"@type\":\"ImageObject\",\"inLanguage\":\"fi\",\"@id\":\"https:\/\/www.keminnahkatarvike.fi\/verkkokauppa\/#\/schema\/logo\/image\/\",\"url\":\"https:\/\/www.keminnahkatarvike.fi\/verkkokauppa\/wp-content\/uploads\/2020\/12\/logo-nahkatarvike-ruskea.png\",\"contentUrl\":\"https:\/\/www.keminnahkatarvike.fi\/verkkokauppa\/wp-content\/uploads\/2020\/12\/logo-nahkatarvike-ruskea.png\",\"width\":3039,\"height\":543,\"caption\":\"Kemin Nahkatarvike Oy\"},\"image\":{\"@id\":\"https:\/\/www.keminnahkatarvike.fi\/verkkokauppa\/#\/schema\/logo\/image\/\"}}]}<\/script>\n<!-- \/ Yoast SEO plugin. -->","yoast_head_json":{"title":"Aluna, 1 kg - Kemin Nahkatarvike","robots":{"index":"index","follow":"follow","max-snippet":"max-snippet:-1","max-image-preview":"max-image-preview:large","max-video-preview":"max-video-preview:-1"},"canonical":"https:\/\/www.keminnahkatarvike.fi\/verkkokauppa\/tuote\/aluna-1-kg\/","og_locale":"fi_FI","og_type":"article","og_title":"Aluna, 1 kg - Kemin Nahkatarvike","og_description":"Alumiinisulfaatti (v\u00e4kev\u00f6ity aluna). K\u00e4ytt\u00f6 n. 25% v\u00e4hemm\u00e4n kuin tavallista alunaa. Soveltuu k\u00e4ytett\u00e4v\u00e4ksi suolauksen yhteydess\u00e4 50 % alumiinisulfaattia ja 50 % suolaa.\u00a0 Muodostaa veden kanssa reagoidessaan rikkihappoa, joten alumiinisulfaatilla tehty suolaus tai parkitus on itseasiassa pikkeli, joka peseytyy pois kastuessaan, ellei sit\u00e4 sit\u00e4 neutraloida soodalla tms. ennen kuivausta.  Alumiinisulfaatilla parkitessa on huolehdittava, ett\u00e4 parkitusliemess\u00e4 on riitt\u00e4v\u00e4sti suolaa.","og_url":"https:\/\/www.keminnahkatarvike.fi\/verkkokauppa\/tuote\/aluna-1-kg\/","og_site_name":"Kemin Nahkatarvike","article_modified_time":"2021-05-11T07:43:40+00:00","twitter_card":"summary_large_image","schema":{"@context":"https:\/\/schema.org","@graph":[{"@type":"WebPage","@id":"https:\/\/www.keminnahkatarvike.fi\/verkkokauppa\/tuote\/aluna-1-kg\/","url":"https:\/\/www.keminnahkatarvike.fi\/verkkokauppa\/tuote\/aluna-1-kg\/","name":"Aluna, 1 kg - Kemin Nahkatarvike","isPartOf":{"@id":"https:\/\/www.keminnahkatarvike.fi\/verkkokauppa\/#website"},"datePublished":"2021-04-09T05:16:32+00:00","dateModified":"2021-05-11T07:43:40+00:00","breadcrumb":{"@id":"https:\/\/www.keminnahkatarvike.fi\/verkkokauppa\/tuote\/aluna-1-kg\/#breadcrumb"},"inLanguage":"fi","potentialAction":[{"@type":"ReadAction","target":["https:\/\/www.keminnahkatarvike.fi\/verkkokauppa\/tuote\/aluna-1-kg\/"]}]},{"@type":"BreadcrumbList","@id":"https:\/\/www.keminnahkatarvike.fi\/verkkokauppa\/tuote\/aluna-1-kg\/#breadcrumb","itemListElement":[{"@type":"ListItem","position":1,"name":"Etusivu","item":"https:\/\/www.keminnahkatarvike.fi\/verkkokauppa\/"},{"@type":"ListItem","position":2,"name":"Shop","item":"https:\/\/www.keminnahkatarvike.fi\/verkkokauppa\/shop\/"},{"@type":"ListItem","position":3,"name":"Aluna, 1 kg"}]},{"@type":"WebSite","@id":"https:\/\/www.keminnahkatarvike.fi\/verkkokauppa\/#website","url":"https:\/\/www.keminnahkatarvike.fi\/verkkokauppa\/","name":"Kemin Nahkatarvike","description":"Laadukasta nahkanjalostusta Keminmaasta Suomesta","publisher":{"@id":"https:\/\/www.keminnahkatarvike.fi\/verkkokauppa\/#organization"},"potentialAction":[{"@type":"SearchAction","target":{"@type":"EntryPoint","urlTemplate":"https:\/\/www.keminnahkatarvike.fi\/verkkokauppa\/?s={search_term_string}"},"query-input":{"@type":"PropertyValueSpecification","valueRequired":true,"valueName":"search_term_string"}}],"inLanguage":"fi"},{"@type":"Organization","@id":"https:\/\/www.keminnahkatarvike.fi\/verkkokauppa\/#organization","name":"Kemin Nahkatarvike Oy","url":"https:\/\/www.keminnahkatarvike.fi\/verkkokauppa\/","logo":{"@type":"ImageObject","inLanguage":"fi","@id":"https:\/\/www.keminnahkatarvike.fi\/verkkokauppa\/#\/schema\/logo\/image\/","url":"https:\/\/www.keminnahkatarvike.fi\/verkkokauppa\/wp-content\/uploads\/2020\/12\/logo-nahkatarvike-ruskea.png","contentUrl":"https:\/\/www.keminnahkatarvike.fi\/verkkokauppa\/wp-content\/uploads\/2020\/12\/logo-nahkatarvike-ruskea.png","width":3039,"height":543,"caption":"Kemin Nahkatarvike Oy"},"image":{"@id":"https:\/\/www.keminnahkatarvike.fi\/verkkokauppa\/#\/schema\/logo\/image\/"}}]}},"_links":{"self":[{"href":"https:\/\/www.keminnahkatarvike.fi\/verkkokauppa\/wp-json\/wp\/v2\/product\/1507","targetHints":{"allow":["GET"]}}],"collection":[{"href":"https:\/\/www.keminnahkatarvike.fi\/verkkokauppa\/wp-json\/wp\/v2\/product"}],"about":[{"href":"https:\/\/www.keminnahkatarvike.fi\/verkkokauppa\/wp-json\/wp\/v2\/types\/product"}],"wp:attachment":[{"href":"https:\/\/www.keminnahkatarvike.fi\/verkkokauppa\/wp-json\/wp\/v2\/media?parent=1507"}],"wp:term":[{"taxonomy":"product_brand","embeddable":true,"href":"https:\/\/www.keminnahkatarvike.fi\/verkkokauppa\/wp-json\/wp\/v2\/product_brand?post=1507"},{"taxonomy":"product_cat","embeddable":true,"href":"https:\/\/www.keminnahkatarvike.fi\/verkkokauppa\/wp-json\/wp\/v2\/product_cat?post=1507"},{"taxonomy":"product_tag","embeddable":true,"href":"https:\/\/www.keminnahkatarvike.fi\/verkkokauppa\/wp-json\/wp\/v2\/product_tag?post=1507"}],"curies":[{"name":"wp","href":"https:\/\/api.w.org\/{rel}","templated":true}]}}