{"id":3,"date":"2020-12-02T08:53:54","date_gmt":"2020-12-02T06:53:54","guid":{"rendered":"http:\/\/www.keminnahkatarvike.fi\/verkkokauppa\/?page_id=3"},"modified":"2021-04-09T09:24:52","modified_gmt":"2021-04-09T06:24:52","slug":"tietosuojaseloste","status":"publish","type":"page","link":"https:\/\/www.keminnahkatarvike.fi\/verkkokauppa\/tietosuojaseloste\/","title":{"rendered":"Tietosuojaseloste"},"content":{"rendered":"\t\t<div data-elementor-type=\"wp-page\" data-elementor-id=\"3\" class=\"elementor elementor-3\" data-elementor-post-type=\"page\">\n\t\t\t\t\t\t<section class=\"elementor-section elementor-top-section elementor-element elementor-element-496ad117 elementor-section-boxed elementor-section-height-default elementor-section-height-default\" data-id=\"496ad117\" data-element_type=\"section\">\n\t\t\t\t\t\t<div class=\"elementor-container elementor-column-gap-default\">\n\t\t\t\t\t<div class=\"elementor-column elementor-col-100 elementor-top-column elementor-element elementor-element-32f88077\" data-id=\"32f88077\" data-element_type=\"column\">\n\t\t\t<div class=\"elementor-widget-wrap\">\n\t\t\t\t\t\t\t<\/div>\n\t\t<\/div>\n\t\t\t\t\t<\/div>\n\t\t<\/section>\n\t\t\t\t<section class=\"elementor-section elementor-top-section elementor-element elementor-element-4b405aa elementor-section-boxed elementor-section-height-default elementor-section-height-default\" data-id=\"4b405aa\" data-element_type=\"section\">\n\t\t\t\t\t\t<div class=\"elementor-container elementor-column-gap-default\">\n\t\t\t\t\t<div class=\"elementor-column elementor-col-100 elementor-top-column elementor-element elementor-element-68a489c\" data-id=\"68a489c\" data-element_type=\"column\">\n\t\t\t<div class=\"elementor-widget-wrap elementor-element-populated\">\n\t\t\t\t\t\t<div class=\"elementor-element elementor-element-7aa3b6b elementor-widget elementor-widget-text-editor\" data-id=\"7aa3b6b\" data-element_type=\"widget\" data-widget_type=\"text-editor.default\">\n\t\t\t\t<div class=\"elementor-widget-container\">\n\t\t\t\t\t\t\t\t\t<p>REKISTERIPIT\u00c4J\u00c4<br>Nimi: Kemin Nahkatarvike Oy<br>Puhelinnumero: 016&nbsp; 275 079<br>Postiosoite: Tervolantie 747 94500 Lautiosaari<\/p>\n<p>YHTEYSHENKIL\u00d6 REKISTERI\u00c4 KOSKEVISSA ASIOISSA<br>Nimi: Seppo Eskelinen<br>Puhelin: 016 275 079<\/p>\n<p>REKISTERIN NIMI<br>www.keminnahkatarvike.fi\/verkkokauppa &#8211; asiakasrekisteri<\/p>\n<p>REKISTERIN TIETOSIS\u00c4LT\u00d6<br>Henkil\u00f6tietoja ker\u00e4t\u00e4\u00e4n seuraaviin tarkoituksiin:<\/p>\n<p>Yksil\u00f6inti- ja yhteystiedot, esimerkiksi nimi (etu- ja sukunimi), yrityksen tiedot, osoitetiedot, puhelinnumero sek\u00e4 s\u00e4hk\u00f6postiosoite;<br>Tilaustiedot kuten maksu- ja toimitustiedot, ostetut tuotteet<br>Asiakastapahtumissa tai tapahtumia varten ker\u00e4tt\u00e4v\u00e4t tiedot, esimerkiksi ilmoittautumiset asiakastapahtumiin ja yleiset kuvat asiakastapahtumista;<br>Markkinointiin liittyv\u00e4t tiedot, esimerkiksi markkinointisuostumukset tai -kiellot; <br>Ota yhteytt\u00e4 -lomake ei ker\u00e4\u00e4 henkil\u00f6tietoja, vaan tiedot v\u00e4litet\u00e4\u00e4n suoraan s\u00e4hk\u00f6postipalvelimelta toiselle.<\/p>\n<p>Yritys- ja henkil\u00f6tietoja ker\u00e4t\u00e4\u00e4n my\u00f6s laskutustietojen yhteydess\u00e4.<\/p>\n<p>HENKIL\u00d6TIETOJEN K\u00c4SITTELYN TARKOITUS<br>Henkil\u00f6tietoja ker\u00e4t\u00e4\u00e4n seuraaviin tarkoituksiin:<\/p>\n<p>Toiminnan ja asiakaspalvelun kehitt\u00e4minen <br>Lakis\u00e4\u00e4teisten vaatimusten mukainen tietojen s\u00e4ilytys (ml. tilaustiedot)<br>Markkinointitoimenpiteet<br><br>S\u00c4\u00c4NN\u00d6NMUKAISET TIETOL\u00c4HTEET<br>Asiakasta koskevat tiedot saadaan mm.:<\/p>\n<p>Kemin Nahkatarvike Oy:n verkkosivuilla olevan yhteydenottolomakkeen tai tilauksen kautta<br>Asiakkaalta itselt\u00e4\u00e4n s\u00e4hk\u00f6postilla tai puhelimitse, asiakassuhteeseen, toimeksiantoon tai yhteiseen hankkeeseen liittyen<br><br>EV\u00c4STEET<br>Ker\u00e4\u00e4mme verkkosivustollamme ev\u00e4steit\u00e4, joista osa parantaa sivun teknist\u00e4 k\u00e4ytett\u00e4vyytt\u00e4. Osa taas ker\u00e4\u00e4 tietoa k\u00e4ytt\u00e4jist\u00e4 ja n\u00e4m\u00e4 ev\u00e4steisiin perustuvat tiedot voivat olla mm. sivun k\u00e4ytt\u00f6\u00e4 koskevaa sis\u00e4lt\u00f6\u00e4, kuten mit\u00e4 sis\u00e4lt\u00f6\u00e4 tarkastellaan eniten ja mit\u00e4 laitteita k\u00e4ytet\u00e4\u00e4n eniten (esim. Google Analytics). N\u00e4m\u00e4 ovat ns. kolmannen osapuolen ev\u00e4steit\u00e4.<\/p>\n<p>Ev\u00e4steet kertovat jokaisesta k\u00e4ytt\u00e4j\u00e4st\u00e4, mutta k\u00e4ytt\u00e4j\u00e4\u00e4 ei voida kuitenkaan tunnistaa tietojen perusteella, vaan he pysyv\u00e4t anonyymein\u00e4. Ev\u00e4steet on jaettu kolmeen eri kategoriaan. V\u00e4ltt\u00e4m\u00e4tt\u00f6m\u00e4t ev\u00e4steet ovat sellaisia, joita ilman sivusto ei toimisi kunnolla. N\u00e4m\u00e4 ovat pakollisia ev\u00e4steit\u00e4 esim. ett\u00e4 sivun K\u00e4ytt\u00e4j\u00e4 voi itse valita ev\u00e4steiden k\u00e4yt\u00f6n Kemin Nahkatarvikkeen ev\u00e4stety\u00f6kalun avulla. Ev\u00e4steiden k\u00e4ytt\u00f6\u00f6n voi ensisijaisesti vaikuttaa oman selaimen asetusten kautta, jossa voi esimerkiksi tyhjent\u00e4\u00e4 kaikki ev\u00e4steet tai est\u00e4\u00e4 kolmannen osapuolen ev\u00e4steet.<\/p>\n<p>Google analyticsin ev\u00e4steit\u00e4 k\u00e4ytet\u00e4\u00e4n sivujen k\u00e4ytt\u00f6kokemuksen kehitt\u00e4miseen. Facebookin ev\u00e4steit\u00e4 k\u00e4ytet\u00e4\u00e4n esimerkiksi uudelleenmarkkinointiin Facebookissa tai Instagramissa. Uudelleenmarkkinointi tarkoittaa, ett\u00e4 voit saada Me\u00e4nkaupan mainoksia kampanjoihimme liittyen.<\/p>\n<p>TIETOJEN SIIRTO EU:N TAI ETA-ALUEEN ULKOPUOLELLE<br>Voimme siirt\u00e4\u00e4 henkil\u00f6tietojasi Euroopan Unionin ja Euroopan talousalueen ulkopuolelle. T\u00e4llaiset tiedonsiirrot suoritetaan kulloinkin voimassaolevan lains\u00e4\u00e4d\u00e4nn\u00f6n mukaisesti.<\/p>\n<p>TIETOJEN S\u00c4\u00c4NN\u00d6NMUKAISET LUOVUTUKSET<br>Jaamme henkil\u00f6tietojasi organisaatiomme sis\u00e4ll\u00e4 vain siin\u00e4 laajuudessa, kun se on palvelumme suorittamiseksi ja kehitt\u00e4miseksi tarpeen.<\/p>\n<p>Jaamme henkil\u00f6tietojasi seuraaville vastaanottajille:<\/p>\n<p>Maksupalveluiden palveluntarjoajat<\/p>\n<p>Klarna online<\/p>\n<p>Markkinoinnin, alustojen ja muiden palveluiden tarjoajat<\/p>\n<p>WordPress ja Woocommerce<br>Nuotio Digital Oy<br>Mailchimp<br>Google Analytics <br>Google Adwords <br>Google Tag Manager <br>Gmail <br>Facebook<br>Instagram<\/p>\n<p>Emme jaa henkil\u00f6tietojasi kolmansille osapuolille, ellei jokin seuraavista ehdoista sovellu:<\/p>\n<p>Se on tarpeen t\u00e4m\u00e4n tietosuojaselosteen tarkoituksen saavuttamiseksi <br>Oikeudellisten perusteiden johdosta<br>Muiden oikeutettujen syiden vuoksi<br>Nimenomaisella suostumuksellasi<br><br>REKISTERISUOJAUKSEN PERIAATTEET<br>Rekisteri on suojattu Kemin Nahkatarvikkeen ja alihankkijoiden s\u00e4hk\u00f6isiss\u00e4 j\u00e4rjestelmiss\u00e4, jotka noudattavat asianmukaista tietosuojaa. Tietoja p\u00e4\u00e4see k\u00e4sittelem\u00e4\u00e4n vain henkil\u00f6t joiden ty\u00f6teht\u00e4viin tieto asiallisesti liittyy. Esimerkiksi kirjanpit\u00e4j\u00e4 k\u00e4sittelee laskuja ja uutiskirjeen l\u00e4hett\u00e4j\u00e4 k\u00e4sittelee s\u00e4hk\u00f6postiosoitetta. Tietoja ei s\u00e4ilytet\u00e4 manuaalisesti.<\/p>\n<p>Tarkastusoikeus<\/p>\n<p><span style=\"color: var( --e-global-color-primary ); font-family: var( --e-global-typography-text-font-family ), Sans-serif; font-weight: var( --e-global-typography-text-font-weight ); font-size: 1rem;\">Kemin Nahkatarvikkeen<\/span>&nbsp;asiakasrekisteriin kuuluvalla on oikeus tarkistaa h\u00e4nt\u00e4 koskevat tallennetut tiedot.<\/p>\n<p><span style=\"color: var( --e-global-color-primary ); font-family: var( --e-global-typography-text-font-family ), Sans-serif; font-weight: var( --e-global-typography-text-font-weight ); font-size: 1rem;\">Kemin Nahkatarvikkeen<\/span>&nbsp;ev\u00e4stek\u00e4yt\u00e4nt\u00f6 ottaa huomioon yksil\u00f6n oikeuden p\u00e4\u00e4tt\u00e4\u00e4 siit\u00e4, millaisia ev\u00e4steit\u00e4 h\u00e4nen verkkovierailunsa aikana on k\u00e4yt\u00f6ss\u00e4.<\/p>\n<p>Oikeus vaatia tiedon korjaamista<\/p>\n<p>Rekister\u00f6idyn tulee tarvittaessa l\u00e4hett\u00e4\u00e4 tietojen korjaamispyynt\u00f6 osoitteeseen xxx@tornio.fi ja tarkistamme tiedot korjausta varten.<\/p>\n<p>Muut henkil\u00f6tietojen k\u00e4sittelyyn liittyv\u00e4t oikeudet<\/p>\n<p>Kielto-oikeus<\/p>\n<p>Ev\u00e4steisiin perustuvan viestinn\u00e4n kielt\u00e4minen tapahtuu k\u00e4ytt\u00e4j\u00e4n selaimen asetuksien kautta.<\/p>\n<p>Laskutustietoja ei voi poistaa, koska ne on s\u00e4ilytett\u00e4v\u00e4 kirjanpitolain mukaan.<\/p>\t\t\t\t\t\t\t\t<\/div>\n\t\t\t\t<\/div>\n\t\t\t\t\t<\/div>\n\t\t<\/div>\n\t\t\t\t\t<\/div>\n\t\t<\/section>\n\t\t\t\t<\/div>\n\t\t","protected":false},"excerpt":{"rendered":"<p>REKISTERIPIT\u00c4J\u00c4Nimi: Kemin Nahkatarvike OyPuhelinnumero: 016&nbsp; 275 079Postiosoite: Tervolantie 747 94500 Lautiosaari YHTEYSHENKIL\u00d6 REKISTERI\u00c4 KOSKEVISSA ASIOISSANimi: Seppo EskelinenPuhelin: 016 275 079 REKISTERIN NIMIwww.keminnahkatarvike.fi\/verkkokauppa &#8211; asiakasrekisteri REKISTERIN TIETOSIS\u00c4LT\u00d6Henkil\u00f6tietoja ker\u00e4t\u00e4\u00e4n seuraaviin tarkoituksiin: Yksil\u00f6inti- ja yhteystiedot, esimerkiksi nimi (etu- ja sukunimi), yrityksen tiedot, osoitetiedot, puhelinnumero sek\u00e4 s\u00e4hk\u00f6postiosoite;Tilaustiedot kuten maksu- ja toimitustiedot, ostetut tuotteetAsiakastapahtumissa tai tapahtumia varten ker\u00e4tt\u00e4v\u00e4t tiedot, esimerkiksi [&hellip;]<\/p>\n","protected":false},"author":1,"featured_media":0,"parent":0,"menu_order":0,"comment_status":"closed","ping_status":"closed","template":"","meta":{"footnotes":""},"class_list":["post-3","page","type-page","status-publish","hentry"],"yoast_head":"<!-- This site is optimized with the Yoast SEO plugin v26.6 - https:\/\/yoast.com\/wordpress\/plugins\/seo\/ -->\n<title>Tietosuojaseloste - Kemin Nahkatarvike<\/title>\n<meta name=\"robots\" content=\"index, follow, max-snippet:-1, max-image-preview:large, max-video-preview:-1\" \/>\n<link rel=\"canonical\" href=\"https:\/\/www.keminnahkatarvike.fi\/verkkokauppa\/tietosuojaseloste\/\" \/>\n<meta property=\"og:locale\" content=\"fi_FI\" \/>\n<meta property=\"og:type\" content=\"article\" \/>\n<meta property=\"og:title\" content=\"Tietosuojaseloste - Kemin Nahkatarvike\" \/>\n<meta property=\"og:description\" content=\"REKISTERIPIT\u00c4J\u00c4Nimi: Kemin Nahkatarvike OyPuhelinnumero: 016&nbsp; 275 079Postiosoite: Tervolantie 747 94500 Lautiosaari YHTEYSHENKIL\u00d6 REKISTERI\u00c4 KOSKEVISSA ASIOISSANimi: Seppo EskelinenPuhelin: 016 275 079 REKISTERIN NIMIwww.keminnahkatarvike.fi\/verkkokauppa &#8211; asiakasrekisteri REKISTERIN TIETOSIS\u00c4LT\u00d6Henkil\u00f6tietoja ker\u00e4t\u00e4\u00e4n seuraaviin tarkoituksiin: Yksil\u00f6inti- ja yhteystiedot, esimerkiksi nimi (etu- ja sukunimi), yrityksen tiedot, osoitetiedot, puhelinnumero sek\u00e4 s\u00e4hk\u00f6postiosoite;Tilaustiedot kuten maksu- ja toimitustiedot, ostetut tuotteetAsiakastapahtumissa tai tapahtumia varten ker\u00e4tt\u00e4v\u00e4t tiedot, esimerkiksi [&hellip;]\" \/>\n<meta property=\"og:url\" content=\"https:\/\/www.keminnahkatarvike.fi\/verkkokauppa\/tietosuojaseloste\/\" \/>\n<meta property=\"og:site_name\" content=\"Kemin Nahkatarvike\" \/>\n<meta property=\"article:modified_time\" content=\"2021-04-09T06:24:52+00:00\" \/>\n<meta name=\"twitter:card\" content=\"summary_large_image\" \/>\n<meta name=\"twitter:label1\" content=\"Arvioitu lukuaika\" \/>\n\t<meta name=\"twitter:data1\" content=\"3 minuuttia\" \/>\n<script type=\"application\/ld+json\" class=\"yoast-schema-graph\">{\"@context\":\"https:\/\/schema.org\",\"@graph\":[{\"@type\":\"WebPage\",\"@id\":\"https:\/\/www.keminnahkatarvike.fi\/verkkokauppa\/tietosuojaseloste\/\",\"url\":\"https:\/\/www.keminnahkatarvike.fi\/verkkokauppa\/tietosuojaseloste\/\",\"name\":\"Tietosuojaseloste - Kemin Nahkatarvike\",\"isPartOf\":{\"@id\":\"https:\/\/www.keminnahkatarvike.fi\/verkkokauppa\/#website\"},\"datePublished\":\"2020-12-02T06:53:54+00:00\",\"dateModified\":\"2021-04-09T06:24:52+00:00\",\"breadcrumb\":{\"@id\":\"https:\/\/www.keminnahkatarvike.fi\/verkkokauppa\/tietosuojaseloste\/#breadcrumb\"},\"inLanguage\":\"fi\",\"potentialAction\":[{\"@type\":\"ReadAction\",\"target\":[\"https:\/\/www.keminnahkatarvike.fi\/verkkokauppa\/tietosuojaseloste\/\"]}]},{\"@type\":\"BreadcrumbList\",\"@id\":\"https:\/\/www.keminnahkatarvike.fi\/verkkokauppa\/tietosuojaseloste\/#breadcrumb\",\"itemListElement\":[{\"@type\":\"ListItem\",\"position\":1,\"name\":\"Etusivu\",\"item\":\"https:\/\/www.keminnahkatarvike.fi\/verkkokauppa\/\"},{\"@type\":\"ListItem\",\"position\":2,\"name\":\"Tietosuojaseloste\"}]},{\"@type\":\"WebSite\",\"@id\":\"https:\/\/www.keminnahkatarvike.fi\/verkkokauppa\/#website\",\"url\":\"https:\/\/www.keminnahkatarvike.fi\/verkkokauppa\/\",\"name\":\"Kemin Nahkatarvike\",\"description\":\"Laadukasta nahkanjalostusta Keminmaasta Suomesta\",\"publisher\":{\"@id\":\"https:\/\/www.keminnahkatarvike.fi\/verkkokauppa\/#organization\"},\"potentialAction\":[{\"@type\":\"SearchAction\",\"target\":{\"@type\":\"EntryPoint\",\"urlTemplate\":\"https:\/\/www.keminnahkatarvike.fi\/verkkokauppa\/?s={search_term_string}\"},\"query-input\":{\"@type\":\"PropertyValueSpecification\",\"valueRequired\":true,\"valueName\":\"search_term_string\"}}],\"inLanguage\":\"fi\"},{\"@type\":\"Organization\",\"@id\":\"https:\/\/www.keminnahkatarvike.fi\/verkkokauppa\/#organization\",\"name\":\"Kemin Nahkatarvike Oy\",\"url\":\"https:\/\/www.keminnahkatarvike.fi\/verkkokauppa\/\",\"logo\":{\"@type\":\"ImageObject\",\"inLanguage\":\"fi\",\"@id\":\"https:\/\/www.keminnahkatarvike.fi\/verkkokauppa\/#\/schema\/logo\/image\/\",\"url\":\"https:\/\/www.keminnahkatarvike.fi\/verkkokauppa\/wp-content\/uploads\/2020\/12\/logo-nahkatarvike-ruskea.png\",\"contentUrl\":\"https:\/\/www.keminnahkatarvike.fi\/verkkokauppa\/wp-content\/uploads\/2020\/12\/logo-nahkatarvike-ruskea.png\",\"width\":3039,\"height\":543,\"caption\":\"Kemin Nahkatarvike Oy\"},\"image\":{\"@id\":\"https:\/\/www.keminnahkatarvike.fi\/verkkokauppa\/#\/schema\/logo\/image\/\"}}]}<\/script>\n<!-- \/ Yoast SEO plugin. -->","yoast_head_json":{"title":"Tietosuojaseloste - Kemin Nahkatarvike","robots":{"index":"index","follow":"follow","max-snippet":"max-snippet:-1","max-image-preview":"max-image-preview:large","max-video-preview":"max-video-preview:-1"},"canonical":"https:\/\/www.keminnahkatarvike.fi\/verkkokauppa\/tietosuojaseloste\/","og_locale":"fi_FI","og_type":"article","og_title":"Tietosuojaseloste - Kemin Nahkatarvike","og_description":"REKISTERIPIT\u00c4J\u00c4Nimi: Kemin Nahkatarvike OyPuhelinnumero: 016&nbsp; 275 079Postiosoite: Tervolantie 747 94500 Lautiosaari YHTEYSHENKIL\u00d6 REKISTERI\u00c4 KOSKEVISSA ASIOISSANimi: Seppo EskelinenPuhelin: 016 275 079 REKISTERIN NIMIwww.keminnahkatarvike.fi\/verkkokauppa &#8211; asiakasrekisteri REKISTERIN TIETOSIS\u00c4LT\u00d6Henkil\u00f6tietoja ker\u00e4t\u00e4\u00e4n seuraaviin tarkoituksiin: Yksil\u00f6inti- ja yhteystiedot, esimerkiksi nimi (etu- ja sukunimi), yrityksen tiedot, osoitetiedot, puhelinnumero sek\u00e4 s\u00e4hk\u00f6postiosoite;Tilaustiedot kuten maksu- ja toimitustiedot, ostetut tuotteetAsiakastapahtumissa tai tapahtumia varten ker\u00e4tt\u00e4v\u00e4t tiedot, esimerkiksi [&hellip;]","og_url":"https:\/\/www.keminnahkatarvike.fi\/verkkokauppa\/tietosuojaseloste\/","og_site_name":"Kemin Nahkatarvike","article_modified_time":"2021-04-09T06:24:52+00:00","twitter_card":"summary_large_image","twitter_misc":{"Arvioitu lukuaika":"3 minuuttia"},"schema":{"@context":"https:\/\/schema.org","@graph":[{"@type":"WebPage","@id":"https:\/\/www.keminnahkatarvike.fi\/verkkokauppa\/tietosuojaseloste\/","url":"https:\/\/www.keminnahkatarvike.fi\/verkkokauppa\/tietosuojaseloste\/","name":"Tietosuojaseloste - Kemin Nahkatarvike","isPartOf":{"@id":"https:\/\/www.keminnahkatarvike.fi\/verkkokauppa\/#website"},"datePublished":"2020-12-02T06:53:54+00:00","dateModified":"2021-04-09T06:24:52+00:00","breadcrumb":{"@id":"https:\/\/www.keminnahkatarvike.fi\/verkkokauppa\/tietosuojaseloste\/#breadcrumb"},"inLanguage":"fi","potentialAction":[{"@type":"ReadAction","target":["https:\/\/www.keminnahkatarvike.fi\/verkkokauppa\/tietosuojaseloste\/"]}]},{"@type":"BreadcrumbList","@id":"https:\/\/www.keminnahkatarvike.fi\/verkkokauppa\/tietosuojaseloste\/#breadcrumb","itemListElement":[{"@type":"ListItem","position":1,"name":"Etusivu","item":"https:\/\/www.keminnahkatarvike.fi\/verkkokauppa\/"},{"@type":"ListItem","position":2,"name":"Tietosuojaseloste"}]},{"@type":"WebSite","@id":"https:\/\/www.keminnahkatarvike.fi\/verkkokauppa\/#website","url":"https:\/\/www.keminnahkatarvike.fi\/verkkokauppa\/","name":"Kemin Nahkatarvike","description":"Laadukasta nahkanjalostusta Keminmaasta Suomesta","publisher":{"@id":"https:\/\/www.keminnahkatarvike.fi\/verkkokauppa\/#organization"},"potentialAction":[{"@type":"SearchAction","target":{"@type":"EntryPoint","urlTemplate":"https:\/\/www.keminnahkatarvike.fi\/verkkokauppa\/?s={search_term_string}"},"query-input":{"@type":"PropertyValueSpecification","valueRequired":true,"valueName":"search_term_string"}}],"inLanguage":"fi"},{"@type":"Organization","@id":"https:\/\/www.keminnahkatarvike.fi\/verkkokauppa\/#organization","name":"Kemin Nahkatarvike Oy","url":"https:\/\/www.keminnahkatarvike.fi\/verkkokauppa\/","logo":{"@type":"ImageObject","inLanguage":"fi","@id":"https:\/\/www.keminnahkatarvike.fi\/verkkokauppa\/#\/schema\/logo\/image\/","url":"https:\/\/www.keminnahkatarvike.fi\/verkkokauppa\/wp-content\/uploads\/2020\/12\/logo-nahkatarvike-ruskea.png","contentUrl":"https:\/\/www.keminnahkatarvike.fi\/verkkokauppa\/wp-content\/uploads\/2020\/12\/logo-nahkatarvike-ruskea.png","width":3039,"height":543,"caption":"Kemin Nahkatarvike Oy"},"image":{"@id":"https:\/\/www.keminnahkatarvike.fi\/verkkokauppa\/#\/schema\/logo\/image\/"}}]}},"_links":{"self":[{"href":"https:\/\/www.keminnahkatarvike.fi\/verkkokauppa\/wp-json\/wp\/v2\/pages\/3","targetHints":{"allow":["GET"]}}],"collection":[{"href":"https:\/\/www.keminnahkatarvike.fi\/verkkokauppa\/wp-json\/wp\/v2\/pages"}],"about":[{"href":"https:\/\/www.keminnahkatarvike.fi\/verkkokauppa\/wp-json\/wp\/v2\/types\/page"}],"author":[{"embeddable":true,"href":"https:\/\/www.keminnahkatarvike.fi\/verkkokauppa\/wp-json\/wp\/v2\/users\/1"}],"replies":[{"embeddable":true,"href":"https:\/\/www.keminnahkatarvike.fi\/verkkokauppa\/wp-json\/wp\/v2\/comments?post=3"}],"version-history":[{"count":4,"href":"https:\/\/www.keminnahkatarvike.fi\/verkkokauppa\/wp-json\/wp\/v2\/pages\/3\/revisions"}],"predecessor-version":[{"id":1535,"href":"https:\/\/www.keminnahkatarvike.fi\/verkkokauppa\/wp-json\/wp\/v2\/pages\/3\/revisions\/1535"}],"wp:attachment":[{"href":"https:\/\/www.keminnahkatarvike.fi\/verkkokauppa\/wp-json\/wp\/v2\/media?parent=3"}],"curies":[{"name":"wp","href":"https:\/\/api.w.org\/{rel}","templated":true}]}}