{"id":209,"date":"2021-01-28T08:41:03","date_gmt":"2021-01-28T06:41:03","guid":{"rendered":"http:\/\/www.keminnahkatarvike.fi\/verkkokauppa\/?page_id=209"},"modified":"2021-04-09T09:15:20","modified_gmt":"2021-04-09T06:15:20","slug":"kaupan-ehdot","status":"publish","type":"page","link":"https:\/\/www.keminnahkatarvike.fi\/verkkokauppa\/kaupan-ehdot\/","title":{"rendered":"Kaupan ehdot"},"content":{"rendered":"\t\t<div data-elementor-type=\"wp-page\" data-elementor-id=\"209\" class=\"elementor elementor-209\" data-elementor-post-type=\"page\">\n\t\t\t\t\t\t<section class=\"elementor-section elementor-top-section elementor-element elementor-element-a921df5 elementor-section-boxed elementor-section-height-default elementor-section-height-default\" data-id=\"a921df5\" data-element_type=\"section\">\n\t\t\t\t\t\t<div class=\"elementor-container elementor-column-gap-default\">\n\t\t\t\t\t<div class=\"elementor-column elementor-col-100 elementor-top-column elementor-element elementor-element-e959dd1\" data-id=\"e959dd1\" data-element_type=\"column\">\n\t\t\t<div class=\"elementor-widget-wrap\">\n\t\t\t\t\t\t\t<\/div>\n\t\t<\/div>\n\t\t\t\t\t<\/div>\n\t\t<\/section>\n\t\t\t\t<section class=\"elementor-section elementor-top-section elementor-element elementor-element-47e6121 elementor-section-boxed elementor-section-height-default elementor-section-height-default\" data-id=\"47e6121\" data-element_type=\"section\">\n\t\t\t\t\t\t<div class=\"elementor-container elementor-column-gap-default\">\n\t\t\t\t\t<div class=\"elementor-column elementor-col-100 elementor-top-column elementor-element elementor-element-7a48a45\" data-id=\"7a48a45\" data-element_type=\"column\">\n\t\t\t<div class=\"elementor-widget-wrap elementor-element-populated\">\n\t\t\t\t\t\t<section class=\"elementor-section elementor-inner-section elementor-element elementor-element-32ee081 elementor-section-boxed elementor-section-height-default elementor-section-height-default\" data-id=\"32ee081\" data-element_type=\"section\">\n\t\t\t\t\t\t<div class=\"elementor-container elementor-column-gap-default\">\n\t\t\t\t\t<div class=\"elementor-column elementor-col-100 elementor-inner-column elementor-element elementor-element-e1a99c3\" data-id=\"e1a99c3\" data-element_type=\"column\">\n\t\t\t<div class=\"elementor-widget-wrap elementor-element-populated\">\n\t\t\t\t\t\t<div class=\"elementor-element elementor-element-15a78da elementor-widget elementor-widget-heading\" data-id=\"15a78da\" data-element_type=\"widget\" data-widget_type=\"heading.default\">\n\t\t\t\t<div class=\"elementor-widget-container\">\n\t\t\t\t\t<h2 class=\"elementor-heading-title elementor-size-default\">TILAUKSET<\/h2>\t\t\t\t<\/div>\n\t\t\t\t<\/div>\n\t\t\t\t<div class=\"elementor-element elementor-element-5e8d3cf elementor-widget elementor-widget-text-editor\" data-id=\"5e8d3cf\" data-element_type=\"widget\" data-widget_type=\"text-editor.default\">\n\t\t\t\t<div class=\"elementor-widget-container\">\n\t\t\t\t\t\t\t\t\t<section data-id=\"c03d858\" data-element_type=\"section\">\n<div>\n<div>\n<div data-id=\"f044063\" data-element_type=\"column\" data-settings=\"{\">\n<div>\n<div>\n<div data-id=\"92c87f2\" data-element_type=\"widget\" data-widget_type=\"heading.default\">\n<div>\n<p><br>Voit tilata tuotteemme verkkokaupastamme www.keminnahkatarvike.fi\/verkkokauppa. Tilauksen tehty\u00e4si saat tilausvahvistuksen s\u00e4hk\u00f6postiisi.&nbsp;&nbsp;<span style=\"color: var( --e-global-color-primary ); font-family: var( --e-global-typography-text-font-family ), Sans-serif; font-weight: var( --e-global-typography-text-font-weight ); font-size: 1rem;\">Hinnat sis\u00e4lt\u00e4v\u00e4t arvonlis\u00e4veron 24%. Loppusummaan lis\u00e4t\u00e4\u00e4n pakkaus- ja toimituskulut.&nbsp;<\/span><span style=\"color: var( --e-global-color-primary ); font-family: var( --e-global-typography-text-font-family ), Sans-serif; font-weight: var( --e-global-typography-text-font-weight ); font-size: 1rem;\">Tilaajan tulee olla v\u00e4hint\u00e4\u00e4n 18-vuotias tai tilaajalla tulee olla huoltajan lupa tilaukseen.<\/span><\/p>\n<p>Ota yhteytt\u00e4 ongelmatapauksissa: kena@keminnahkatarvike.fi tai 016 275079.<\/p>\n<\/div>\n<\/div>\n<\/div>\n<\/div>\n<\/div>\n<\/div>\n<\/div>\n<\/section>\t\t\t\t\t\t\t\t<\/div>\n\t\t\t\t<\/div>\n\t\t\t\t\t<\/div>\n\t\t<\/div>\n\t\t\t\t\t<\/div>\n\t\t<\/section>\n\t\t\t\t\t<\/div>\n\t\t<\/div>\n\t\t\t\t\t<\/div>\n\t\t<\/section>\n\t\t\t\t<section class=\"elementor-section elementor-top-section elementor-element elementor-element-84fb9fa elementor-section-boxed elementor-section-height-default elementor-section-height-default\" data-id=\"84fb9fa\" data-element_type=\"section\">\n\t\t\t\t\t\t<div class=\"elementor-container elementor-column-gap-default\">\n\t\t\t\t\t<div class=\"elementor-column elementor-col-100 elementor-top-column elementor-element elementor-element-a0cc5df\" data-id=\"a0cc5df\" data-element_type=\"column\">\n\t\t\t<div class=\"elementor-widget-wrap elementor-element-populated\">\n\t\t\t\t\t\t<section class=\"elementor-section elementor-inner-section elementor-element elementor-element-bc9a973 elementor-section-boxed elementor-section-height-default elementor-section-height-default\" data-id=\"bc9a973\" data-element_type=\"section\">\n\t\t\t\t\t\t<div class=\"elementor-container elementor-column-gap-default\">\n\t\t\t\t\t<div class=\"elementor-column elementor-col-100 elementor-inner-column elementor-element elementor-element-c5bcdbb\" data-id=\"c5bcdbb\" data-element_type=\"column\">\n\t\t\t<div class=\"elementor-widget-wrap elementor-element-populated\">\n\t\t\t\t\t\t<div class=\"elementor-element elementor-element-dc423b4 elementor-widget elementor-widget-heading\" data-id=\"dc423b4\" data-element_type=\"widget\" data-widget_type=\"heading.default\">\n\t\t\t\t<div class=\"elementor-widget-container\">\n\t\t\t\t\t<h2 class=\"elementor-heading-title elementor-size-default\">TOIMITUSTAVAT ja TOIMITUSKULUT<\/h2>\t\t\t\t<\/div>\n\t\t\t\t<\/div>\n\t\t\t\t<div class=\"elementor-element elementor-element-954d331 elementor-widget elementor-widget-text-editor\" data-id=\"954d331\" data-element_type=\"widget\" data-widget_type=\"text-editor.default\">\n\t\t\t\t<div class=\"elementor-widget-container\">\n\t\t\t\t\t\t\t\t\t<section class=\"elementor-section elementor-top-section elementor-element elementor-element-c03d858 elementor-section-boxed elementor-section-height-default elementor-section-height-default\" data-id=\"c03d858\" data-element_type=\"section\"><div class=\"elementor-container elementor-column-gap-default\"><div class=\"elementor-row\"><div class=\"elementor-column elementor-col-100 elementor-top-column elementor-element elementor-element-f044063\" data-id=\"f044063\" data-element_type=\"column\" data-settings=\"{\"><div class=\"elementor-column-wrap elementor-element-populated\"><div class=\"elementor-widget-wrap\"><div class=\"elementor-element elementor-element-92c87f2 elementor-widget elementor-widget-heading\" data-id=\"92c87f2\" data-element_type=\"widget\" data-widget_type=\"heading.default\"><div class=\"elementor-widget-container\"><p>\u00a0<\/p><p>Toimitamme Postin postipakettina tai pikku postipakettina. Maksuton nouto Keminmaasta Kemin Nahkatarvikkeelta. Toimituskulut lasketaan kassalla tuotteiden ja toimitusosoitteen mukaisesti. Toimitamme tuotteita toistaiseksi vain Suomeen verkkokaupan kautta. Muut tilaukset suoraan kena@keminnahkatarvike.fi.\u00a0<\/p><\/div><\/div><\/div><\/div><\/div><\/div><\/div><\/section>\t\t\t\t\t\t\t\t<\/div>\n\t\t\t\t<\/div>\n\t\t\t\t\t<\/div>\n\t\t<\/div>\n\t\t\t\t\t<\/div>\n\t\t<\/section>\n\t\t\t\t\t<\/div>\n\t\t<\/div>\n\t\t\t\t\t<\/div>\n\t\t<\/section>\n\t\t\t\t<section class=\"elementor-section elementor-top-section elementor-element elementor-element-8941bdb elementor-section-boxed elementor-section-height-default elementor-section-height-default\" data-id=\"8941bdb\" data-element_type=\"section\">\n\t\t\t\t\t\t<div class=\"elementor-container elementor-column-gap-default\">\n\t\t\t\t\t<div class=\"elementor-column elementor-col-100 elementor-top-column elementor-element elementor-element-81ac249\" data-id=\"81ac249\" data-element_type=\"column\">\n\t\t\t<div class=\"elementor-widget-wrap elementor-element-populated\">\n\t\t\t\t\t\t<section class=\"elementor-section elementor-inner-section elementor-element elementor-element-99904d2 elementor-section-boxed elementor-section-height-default elementor-section-height-default\" data-id=\"99904d2\" data-element_type=\"section\">\n\t\t\t\t\t\t<div class=\"elementor-container elementor-column-gap-default\">\n\t\t\t\t\t<div class=\"elementor-column elementor-col-100 elementor-inner-column elementor-element elementor-element-0e376a2\" data-id=\"0e376a2\" data-element_type=\"column\">\n\t\t\t<div class=\"elementor-widget-wrap elementor-element-populated\">\n\t\t\t\t\t\t<div class=\"elementor-element elementor-element-7c2269d elementor-widget elementor-widget-heading\" data-id=\"7c2269d\" data-element_type=\"widget\" data-widget_type=\"heading.default\">\n\t\t\t\t<div class=\"elementor-widget-container\">\n\t\t\t\t\t<h2 class=\"elementor-heading-title elementor-size-default\">MAKSUEHDOT<\/h2>\t\t\t\t<\/div>\n\t\t\t\t<\/div>\n\t\t\t\t<div class=\"elementor-element elementor-element-1c5106d elementor-widget elementor-widget-text-editor\" data-id=\"1c5106d\" data-element_type=\"widget\" data-widget_type=\"text-editor.default\">\n\t\t\t\t<div class=\"elementor-widget-container\">\n\t\t\t\t\t\t\t\t\t<section class=\"elementor-section elementor-top-section elementor-element elementor-element-c03d858 elementor-section-boxed elementor-section-height-default elementor-section-height-default\" data-id=\"c03d858\" data-element_type=\"section\"><div class=\"elementor-container elementor-column-gap-default\"><div class=\"elementor-row\"><div class=\"elementor-column elementor-col-100 elementor-top-column elementor-element elementor-element-f044063\" data-id=\"f044063\" data-element_type=\"column\" data-settings=\"{\"><div class=\"elementor-column-wrap elementor-element-populated\"><div class=\"elementor-widget-wrap\"><div class=\"elementor-element elementor-element-92c87f2 elementor-widget elementor-widget-heading\" data-id=\"92c87f2\" data-element_type=\"widget\" data-widget_type=\"heading.default\"><div class=\"elementor-widget-container\"><p><span style=\"color: var( --e-global-color-primary ); font-family: var( --e-global-typography-text-font-family ), Sans-serif; font-weight: var( --e-global-typography-text-font-weight ); font-size: 1rem;\">\u00a0<\/span><\/p><p><span style=\"color: var( --e-global-color-primary ); font-family: var( --e-global-typography-text-font-family ), Sans-serif; font-weight: var( --e-global-typography-text-font-weight ); font-size: 1rem;\">T\u00e4h\u00e4n Paytrailin maksuehdot<\/span><\/p><\/div><\/div><\/div><\/div><\/div><\/div><\/div><\/section>\t\t\t\t\t\t\t\t<\/div>\n\t\t\t\t<\/div>\n\t\t\t\t\t<\/div>\n\t\t<\/div>\n\t\t\t\t\t<\/div>\n\t\t<\/section>\n\t\t\t\t\t<\/div>\n\t\t<\/div>\n\t\t\t\t\t<\/div>\n\t\t<\/section>\n\t\t\t\t<section class=\"elementor-section elementor-top-section elementor-element elementor-element-df494ad elementor-section-boxed elementor-section-height-default elementor-section-height-default\" data-id=\"df494ad\" data-element_type=\"section\">\n\t\t\t\t\t\t<div class=\"elementor-container elementor-column-gap-default\">\n\t\t\t\t\t<div class=\"elementor-column elementor-col-100 elementor-top-column elementor-element elementor-element-5579904\" data-id=\"5579904\" data-element_type=\"column\">\n\t\t\t<div class=\"elementor-widget-wrap elementor-element-populated\">\n\t\t\t\t\t\t<section class=\"elementor-section elementor-inner-section elementor-element elementor-element-28b47d4 elementor-section-boxed elementor-section-height-default elementor-section-height-default\" data-id=\"28b47d4\" data-element_type=\"section\">\n\t\t\t\t\t\t<div class=\"elementor-container elementor-column-gap-default\">\n\t\t\t\t\t<div class=\"elementor-column elementor-col-100 elementor-inner-column elementor-element elementor-element-cf1c6f6\" data-id=\"cf1c6f6\" data-element_type=\"column\">\n\t\t\t<div class=\"elementor-widget-wrap elementor-element-populated\">\n\t\t\t\t\t\t<div class=\"elementor-element elementor-element-352b83a elementor-widget elementor-widget-heading\" data-id=\"352b83a\" data-element_type=\"widget\" data-widget_type=\"heading.default\">\n\t\t\t\t<div class=\"elementor-widget-container\">\n\t\t\t\t\t<h2 class=\"elementor-heading-title elementor-size-default\">PALAUTUS\/PERUUTUSEHDOT<\/h2>\t\t\t\t<\/div>\n\t\t\t\t<\/div>\n\t\t\t\t<div class=\"elementor-element elementor-element-9f740ac elementor-widget elementor-widget-text-editor\" data-id=\"9f740ac\" data-element_type=\"widget\" data-widget_type=\"text-editor.default\">\n\t\t\t\t<div class=\"elementor-widget-container\">\n\t\t\t\t\t\t\t\t\t<section class=\"elementor-section elementor-top-section elementor-element elementor-element-c03d858 elementor-section-boxed elementor-section-height-default elementor-section-height-default\" data-id=\"c03d858\" data-element_type=\"section\"><div class=\"elementor-container elementor-column-gap-default\"><div class=\"elementor-row\"><div class=\"elementor-column elementor-col-100 elementor-top-column elementor-element elementor-element-f044063\" data-id=\"f044063\" data-element_type=\"column\" data-settings=\"{\"><div class=\"elementor-column-wrap elementor-element-populated\"><div class=\"elementor-widget-wrap\"><div class=\"elementor-element elementor-element-92c87f2 elementor-widget elementor-widget-heading\" data-id=\"92c87f2\" data-element_type=\"widget\" data-widget_type=\"heading.default\"><div class=\"elementor-widget-container\"><p>\u00a0<\/p><p>Tuotteilla on kuluttajasuojalain mukainen 14 pv palautusoikeus, mutta kauppiaalle on ilmoitettava palautuksesta 14 vuorokauden sis\u00e4ll\u00e4 l\u00e4hetyksen vastaanottamisesta. T\u00e4m\u00e4n j\u00e4lkeen tuote on l\u00e4hetett\u00e4v\u00e4 takaisin 14 p\u00e4iv\u00e4n sis\u00e4ll\u00e4 palautusilmoituksesta. Asiakas maksaa itse palautuksen l\u00e4hetyskulut.<\/p><\/div><\/div><\/div><\/div><\/div><\/div><\/div><\/section>\t\t\t\t\t\t\t\t<\/div>\n\t\t\t\t<\/div>\n\t\t\t\t\t<\/div>\n\t\t<\/div>\n\t\t\t\t\t<\/div>\n\t\t<\/section>\n\t\t\t\t\t<\/div>\n\t\t<\/div>\n\t\t\t\t\t<\/div>\n\t\t<\/section>\n\t\t\t\t<\/div>\n\t\t","protected":false},"excerpt":{"rendered":"<p>TILAUKSET Voit tilata tuotteemme verkkokaupastamme www.keminnahkatarvike.fi\/verkkokauppa. Tilauksen tehty\u00e4si saat tilausvahvistuksen s\u00e4hk\u00f6postiisi.&nbsp;&nbsp;Hinnat sis\u00e4lt\u00e4v\u00e4t arvonlis\u00e4veron 24%. Loppusummaan lis\u00e4t\u00e4\u00e4n pakkaus- ja toimituskulut.&nbsp;Tilaajan tulee olla v\u00e4hint\u00e4\u00e4n 18-vuotias tai tilaajalla tulee olla huoltajan lupa tilaukseen. Ota yhteytt\u00e4 ongelmatapauksissa: kena@keminnahkatarvike.fi tai 016 275079. TOIMITUSTAVAT ja TOIMITUSKULUT \u00a0 Toimitamme Postin postipakettina tai pikku postipakettina. Maksuton nouto Keminmaasta Kemin Nahkatarvikkeelta. Toimituskulut lasketaan kassalla [&hellip;]<\/p>\n","protected":false},"author":1,"featured_media":0,"parent":0,"menu_order":0,"comment_status":"closed","ping_status":"closed","template":"","meta":{"footnotes":""},"class_list":["post-209","page","type-page","status-publish","hentry"],"yoast_head":"<!-- This site is optimized with the Yoast SEO plugin v26.6 - https:\/\/yoast.com\/wordpress\/plugins\/seo\/ -->\n<title>Kaupan ehdot - Kemin Nahkatarvike<\/title>\n<meta name=\"robots\" content=\"index, follow, max-snippet:-1, max-image-preview:large, max-video-preview:-1\" \/>\n<link rel=\"canonical\" href=\"https:\/\/www.keminnahkatarvike.fi\/verkkokauppa\/kaupan-ehdot\/\" \/>\n<meta property=\"og:locale\" content=\"fi_FI\" \/>\n<meta property=\"og:type\" content=\"article\" \/>\n<meta property=\"og:title\" content=\"Kaupan ehdot - Kemin Nahkatarvike\" \/>\n<meta property=\"og:description\" content=\"TILAUKSET Voit tilata tuotteemme verkkokaupastamme www.keminnahkatarvike.fi\/verkkokauppa. Tilauksen tehty\u00e4si saat tilausvahvistuksen s\u00e4hk\u00f6postiisi.&nbsp;&nbsp;Hinnat sis\u00e4lt\u00e4v\u00e4t arvonlis\u00e4veron 24%. Loppusummaan lis\u00e4t\u00e4\u00e4n pakkaus- ja toimituskulut.&nbsp;Tilaajan tulee olla v\u00e4hint\u00e4\u00e4n 18-vuotias tai tilaajalla tulee olla huoltajan lupa tilaukseen. Ota yhteytt\u00e4 ongelmatapauksissa: kena@keminnahkatarvike.fi tai 016 275079. TOIMITUSTAVAT ja TOIMITUSKULUT \u00a0 Toimitamme Postin postipakettina tai pikku postipakettina. Maksuton nouto Keminmaasta Kemin Nahkatarvikkeelta. Toimituskulut lasketaan kassalla [&hellip;]\" \/>\n<meta property=\"og:url\" content=\"https:\/\/www.keminnahkatarvike.fi\/verkkokauppa\/kaupan-ehdot\/\" \/>\n<meta property=\"og:site_name\" content=\"Kemin Nahkatarvike\" \/>\n<meta property=\"article:modified_time\" content=\"2021-04-09T06:15:20+00:00\" \/>\n<meta name=\"twitter:card\" content=\"summary_large_image\" \/>\n<meta name=\"twitter:label1\" content=\"Arvioitu lukuaika\" \/>\n\t<meta name=\"twitter:data1\" content=\"1 minuutti\" \/>\n<script type=\"application\/ld+json\" class=\"yoast-schema-graph\">{\"@context\":\"https:\/\/schema.org\",\"@graph\":[{\"@type\":\"WebPage\",\"@id\":\"https:\/\/www.keminnahkatarvike.fi\/verkkokauppa\/kaupan-ehdot\/\",\"url\":\"https:\/\/www.keminnahkatarvike.fi\/verkkokauppa\/kaupan-ehdot\/\",\"name\":\"Kaupan ehdot - Kemin Nahkatarvike\",\"isPartOf\":{\"@id\":\"https:\/\/www.keminnahkatarvike.fi\/verkkokauppa\/#website\"},\"datePublished\":\"2021-01-28T06:41:03+00:00\",\"dateModified\":\"2021-04-09T06:15:20+00:00\",\"breadcrumb\":{\"@id\":\"https:\/\/www.keminnahkatarvike.fi\/verkkokauppa\/kaupan-ehdot\/#breadcrumb\"},\"inLanguage\":\"fi\",\"potentialAction\":[{\"@type\":\"ReadAction\",\"target\":[\"https:\/\/www.keminnahkatarvike.fi\/verkkokauppa\/kaupan-ehdot\/\"]}]},{\"@type\":\"BreadcrumbList\",\"@id\":\"https:\/\/www.keminnahkatarvike.fi\/verkkokauppa\/kaupan-ehdot\/#breadcrumb\",\"itemListElement\":[{\"@type\":\"ListItem\",\"position\":1,\"name\":\"Etusivu\",\"item\":\"https:\/\/www.keminnahkatarvike.fi\/verkkokauppa\/\"},{\"@type\":\"ListItem\",\"position\":2,\"name\":\"Kaupan ehdot\"}]},{\"@type\":\"WebSite\",\"@id\":\"https:\/\/www.keminnahkatarvike.fi\/verkkokauppa\/#website\",\"url\":\"https:\/\/www.keminnahkatarvike.fi\/verkkokauppa\/\",\"name\":\"Kemin Nahkatarvike\",\"description\":\"Laadukasta nahkanjalostusta Keminmaasta Suomesta\",\"publisher\":{\"@id\":\"https:\/\/www.keminnahkatarvike.fi\/verkkokauppa\/#organization\"},\"potentialAction\":[{\"@type\":\"SearchAction\",\"target\":{\"@type\":\"EntryPoint\",\"urlTemplate\":\"https:\/\/www.keminnahkatarvike.fi\/verkkokauppa\/?s={search_term_string}\"},\"query-input\":{\"@type\":\"PropertyValueSpecification\",\"valueRequired\":true,\"valueName\":\"search_term_string\"}}],\"inLanguage\":\"fi\"},{\"@type\":\"Organization\",\"@id\":\"https:\/\/www.keminnahkatarvike.fi\/verkkokauppa\/#organization\",\"name\":\"Kemin Nahkatarvike Oy\",\"url\":\"https:\/\/www.keminnahkatarvike.fi\/verkkokauppa\/\",\"logo\":{\"@type\":\"ImageObject\",\"inLanguage\":\"fi\",\"@id\":\"https:\/\/www.keminnahkatarvike.fi\/verkkokauppa\/#\/schema\/logo\/image\/\",\"url\":\"https:\/\/www.keminnahkatarvike.fi\/verkkokauppa\/wp-content\/uploads\/2020\/12\/logo-nahkatarvike-ruskea.png\",\"contentUrl\":\"https:\/\/www.keminnahkatarvike.fi\/verkkokauppa\/wp-content\/uploads\/2020\/12\/logo-nahkatarvike-ruskea.png\",\"width\":3039,\"height\":543,\"caption\":\"Kemin Nahkatarvike Oy\"},\"image\":{\"@id\":\"https:\/\/www.keminnahkatarvike.fi\/verkkokauppa\/#\/schema\/logo\/image\/\"}}]}<\/script>\n<!-- \/ Yoast SEO plugin. -->","yoast_head_json":{"title":"Kaupan ehdot - Kemin Nahkatarvike","robots":{"index":"index","follow":"follow","max-snippet":"max-snippet:-1","max-image-preview":"max-image-preview:large","max-video-preview":"max-video-preview:-1"},"canonical":"https:\/\/www.keminnahkatarvike.fi\/verkkokauppa\/kaupan-ehdot\/","og_locale":"fi_FI","og_type":"article","og_title":"Kaupan ehdot - Kemin Nahkatarvike","og_description":"TILAUKSET Voit tilata tuotteemme verkkokaupastamme www.keminnahkatarvike.fi\/verkkokauppa. Tilauksen tehty\u00e4si saat tilausvahvistuksen s\u00e4hk\u00f6postiisi.&nbsp;&nbsp;Hinnat sis\u00e4lt\u00e4v\u00e4t arvonlis\u00e4veron 24%. Loppusummaan lis\u00e4t\u00e4\u00e4n pakkaus- ja toimituskulut.&nbsp;Tilaajan tulee olla v\u00e4hint\u00e4\u00e4n 18-vuotias tai tilaajalla tulee olla huoltajan lupa tilaukseen. Ota yhteytt\u00e4 ongelmatapauksissa: kena@keminnahkatarvike.fi tai 016 275079. TOIMITUSTAVAT ja TOIMITUSKULUT \u00a0 Toimitamme Postin postipakettina tai pikku postipakettina. Maksuton nouto Keminmaasta Kemin Nahkatarvikkeelta. Toimituskulut lasketaan kassalla [&hellip;]","og_url":"https:\/\/www.keminnahkatarvike.fi\/verkkokauppa\/kaupan-ehdot\/","og_site_name":"Kemin Nahkatarvike","article_modified_time":"2021-04-09T06:15:20+00:00","twitter_card":"summary_large_image","twitter_misc":{"Arvioitu lukuaika":"1 minuutti"},"schema":{"@context":"https:\/\/schema.org","@graph":[{"@type":"WebPage","@id":"https:\/\/www.keminnahkatarvike.fi\/verkkokauppa\/kaupan-ehdot\/","url":"https:\/\/www.keminnahkatarvike.fi\/verkkokauppa\/kaupan-ehdot\/","name":"Kaupan ehdot - Kemin Nahkatarvike","isPartOf":{"@id":"https:\/\/www.keminnahkatarvike.fi\/verkkokauppa\/#website"},"datePublished":"2021-01-28T06:41:03+00:00","dateModified":"2021-04-09T06:15:20+00:00","breadcrumb":{"@id":"https:\/\/www.keminnahkatarvike.fi\/verkkokauppa\/kaupan-ehdot\/#breadcrumb"},"inLanguage":"fi","potentialAction":[{"@type":"ReadAction","target":["https:\/\/www.keminnahkatarvike.fi\/verkkokauppa\/kaupan-ehdot\/"]}]},{"@type":"BreadcrumbList","@id":"https:\/\/www.keminnahkatarvike.fi\/verkkokauppa\/kaupan-ehdot\/#breadcrumb","itemListElement":[{"@type":"ListItem","position":1,"name":"Etusivu","item":"https:\/\/www.keminnahkatarvike.fi\/verkkokauppa\/"},{"@type":"ListItem","position":2,"name":"Kaupan ehdot"}]},{"@type":"WebSite","@id":"https:\/\/www.keminnahkatarvike.fi\/verkkokauppa\/#website","url":"https:\/\/www.keminnahkatarvike.fi\/verkkokauppa\/","name":"Kemin Nahkatarvike","description":"Laadukasta nahkanjalostusta Keminmaasta Suomesta","publisher":{"@id":"https:\/\/www.keminnahkatarvike.fi\/verkkokauppa\/#organization"},"potentialAction":[{"@type":"SearchAction","target":{"@type":"EntryPoint","urlTemplate":"https:\/\/www.keminnahkatarvike.fi\/verkkokauppa\/?s={search_term_string}"},"query-input":{"@type":"PropertyValueSpecification","valueRequired":true,"valueName":"search_term_string"}}],"inLanguage":"fi"},{"@type":"Organization","@id":"https:\/\/www.keminnahkatarvike.fi\/verkkokauppa\/#organization","name":"Kemin Nahkatarvike Oy","url":"https:\/\/www.keminnahkatarvike.fi\/verkkokauppa\/","logo":{"@type":"ImageObject","inLanguage":"fi","@id":"https:\/\/www.keminnahkatarvike.fi\/verkkokauppa\/#\/schema\/logo\/image\/","url":"https:\/\/www.keminnahkatarvike.fi\/verkkokauppa\/wp-content\/uploads\/2020\/12\/logo-nahkatarvike-ruskea.png","contentUrl":"https:\/\/www.keminnahkatarvike.fi\/verkkokauppa\/wp-content\/uploads\/2020\/12\/logo-nahkatarvike-ruskea.png","width":3039,"height":543,"caption":"Kemin Nahkatarvike Oy"},"image":{"@id":"https:\/\/www.keminnahkatarvike.fi\/verkkokauppa\/#\/schema\/logo\/image\/"}}]}},"_links":{"self":[{"href":"https:\/\/www.keminnahkatarvike.fi\/verkkokauppa\/wp-json\/wp\/v2\/pages\/209","targetHints":{"allow":["GET"]}}],"collection":[{"href":"https:\/\/www.keminnahkatarvike.fi\/verkkokauppa\/wp-json\/wp\/v2\/pages"}],"about":[{"href":"https:\/\/www.keminnahkatarvike.fi\/verkkokauppa\/wp-json\/wp\/v2\/types\/page"}],"author":[{"embeddable":true,"href":"https:\/\/www.keminnahkatarvike.fi\/verkkokauppa\/wp-json\/wp\/v2\/users\/1"}],"replies":[{"embeddable":true,"href":"https:\/\/www.keminnahkatarvike.fi\/verkkokauppa\/wp-json\/wp\/v2\/comments?post=209"}],"version-history":[{"count":14,"href":"https:\/\/www.keminnahkatarvike.fi\/verkkokauppa\/wp-json\/wp\/v2\/pages\/209\/revisions"}],"predecessor-version":[{"id":1528,"href":"https:\/\/www.keminnahkatarvike.fi\/verkkokauppa\/wp-json\/wp\/v2\/pages\/209\/revisions\/1528"}],"wp:attachment":[{"href":"https:\/\/www.keminnahkatarvike.fi\/verkkokauppa\/wp-json\/wp\/v2\/media?parent=209"}],"curies":[{"name":"wp","href":"https:\/\/api.w.org\/{rel}","templated":true}]}}